{"id":1964,"date":"2021-09-08T23:26:51","date_gmt":"2021-09-09T02:26:51","guid":{"rendered":"https:\/\/www.pagos.com.br\/site\/?page_id=1964"},"modified":"2021-09-16T10:56:02","modified_gmt":"2021-09-16T13:56:02","slug":"seguro-responsabilidade-civil-profissional-e-e-o","status":"publish","type":"page","link":"https:\/\/www.pagos.com.br\/site\/produtos\/seguro-responsabilidade-civil-profissional-e-e-o\/","title":{"rendered":"Seguro Responsabilidade Civil Profissional (E&#038;O)"},"content":{"rendered":"\t\t<div data-elementor-type=\"wp-page\" data-elementor-id=\"1964\" class=\"elementor elementor-1964\" data-elementor-settings=\"{&quot;ha_cmc_init_switcher&quot;:&quot;no&quot;}\" data-elementor-post-type=\"page\">\n\t\t\t\t\t\t<section class=\"elementor-section elementor-top-section elementor-element elementor-element-csfwbsu elementor-section-height-min-height elementor-section-boxed elementor-section-height-default elementor-section-items-middle\" data-id=\"csfwbsu\" data-element_type=\"section\" id=\"topo\" data-settings=\"{&quot;background_background&quot;:&quot;classic&quot;,&quot;_ha_eqh_enable&quot;:false,&quot;ekit_has_onepagescroll_dot&quot;:&quot;yes&quot;}\">\n\t\t\t\t\t\t\t<div class=\"elementor-background-overlay\"><\/div>\n\t\t\t\t\t\t\t<div class=\"elementor-container elementor-column-gap-default\">\n\t\t\t\t\t<div class=\"elementor-column elementor-col-100 elementor-top-column elementor-element elementor-element-167bc27\" data-id=\"167bc27\" data-element_type=\"column\">\n\t\t\t<div class=\"elementor-widget-wrap elementor-element-populated\">\n\t\t\t\t\t\t<section class=\"elementor-section elementor-inner-section elementor-element elementor-element-2320c17 elementor-section-content-middle elementor-section-boxed elementor-section-height-default elementor-section-height-default\" data-id=\"2320c17\" data-element_type=\"section\" data-settings=\"{&quot;_ha_eqh_enable&quot;:false,&quot;ekit_has_onepagescroll_dot&quot;:&quot;yes&quot;}\">\n\t\t\t\t\t\t<div class=\"elementor-container elementor-column-gap-default\">\n\t\t\t\t\t<div class=\"elementor-column elementor-col-66 elementor-inner-column elementor-element elementor-element-2cb1211\" data-id=\"2cb1211\" data-element_type=\"column\">\n\t\t\t<div class=\"elementor-widget-wrap elementor-element-populated\">\n\t\t\t\t\t\t<div class=\"elementor-element elementor-element-9066b40 elementor-widget elementor-widget-text-editor\" data-id=\"9066b40\" data-element_type=\"widget\" data-settings=\"{&quot;ekit_we_effect_on&quot;:&quot;none&quot;}\" data-widget_type=\"text-editor.default\">\n\t\t\t\t<div class=\"elementor-widget-container\">\n\t\t\t\t\t\t\t\t\tSeguro Responsabilidade Civil Profissional (E&#038;O)\t\t\t\t\t\t\t\t<\/div>\n\t\t\t\t<\/div>\n\t\t\t\t<div class=\"elementor-element elementor-element-74bc036 elementor-widget elementor-widget-text-editor\" data-id=\"74bc036\" data-element_type=\"widget\" data-settings=\"{&quot;ekit_we_effect_on&quot;:&quot;none&quot;}\" data-widget_type=\"text-editor.default\">\n\t\t\t\t<div class=\"elementor-widget-container\">\n\t\t\t\t\t\t\t\t\t<p>Ideal para profissionais que precisam de seguran\u00e7a contra imprevistos no exerc\u00edcio de suas profiss\u00f5es.<\/p>\t\t\t\t\t\t\t\t<\/div>\n\t\t\t\t<\/div>\n\t\t\t\t\t<\/div>\n\t\t<\/div>\n\t\t\t\t<div class=\"elementor-column elementor-col-33 elementor-inner-column elementor-element elementor-element-686970c\" data-id=\"686970c\" data-element_type=\"column\" id=\"orcamento\" data-settings=\"{&quot;background_background&quot;:&quot;classic&quot;}\">\n\t\t\t<div class=\"elementor-widget-wrap elementor-element-populated\">\n\t\t\t\t\t\t<div class=\"elementor-element elementor-element-24d6b1d elementor-widget-divider--view-line elementor-widget elementor-widget-divider\" data-id=\"24d6b1d\" data-element_type=\"widget\" data-settings=\"{&quot;ekit_we_effect_on&quot;:&quot;none&quot;}\" data-widget_type=\"divider.default\">\n\t\t\t\t<div class=\"elementor-widget-container\">\n\t\t\t\t\t\t\t<div class=\"elementor-divider\">\n\t\t\t<span class=\"elementor-divider-separator\">\n\t\t\t\t\t\t<\/span>\n\t\t<\/div>\n\t\t\t\t\t\t<\/div>\n\t\t\t\t<\/div>\n\t\t\t\t<div class=\"elementor-element elementor-element-624bfb0 elementor-widget elementor-widget-heading\" data-id=\"624bfb0\" data-element_type=\"widget\" data-settings=\"{&quot;ekit_we_effect_on&quot;:&quot;none&quot;}\" data-widget_type=\"heading.default\">\n\t\t\t\t<div class=\"elementor-widget-container\">\n\t\t\t\t\t<h5 class=\"elementor-heading-title elementor-size-default\">Fa\u00e7a sua cota\u00e7\u00e3o agora<\/h5>\t\t\t\t<\/div>\n\t\t\t\t<\/div>\n\t\t\t\t<div class=\"elementor-element elementor-element-fcc36c9 bdt-fluentform-form-button-custom bdt-ff-step-header-yes bdt-ff-step-progressbar-yes elementor-widget elementor-widget-bdt-fluent-forms\" data-id=\"fcc36c9\" data-element_type=\"widget\" data-settings=\"{&quot;ekit_we_effect_on&quot;:&quot;none&quot;}\" data-widget_type=\"bdt-fluent-forms.default\">\n\t\t\t\t<div class=\"elementor-widget-container\">\n\t\t\t\t\t\n\t\t<div class=\"bdt-fluent-forms\">\n\n\t\t\t<div class='fluentform ff-default fluentform_wrapper_3 ffs_default_wrap'><form data-form_id=\"3\" id=\"fluentform_3\" class=\"frm-fluent-form fluent_form_3 ff-el-form-top ff_form_instance_3_1 ff-form-loading ffs_default\" data-form_instance=\"ff_form_instance_3_1\" method=\"POST\" ><fieldset  style=\"border: none!important;margin: 0!important;padding: 0!important;background-color: transparent!important;box-shadow: none!important;outline: none!important; min-inline-size: 100%;\">\n                    <legend class=\"ff_screen_reader_title\" style=\"display: block; margin: 0!important;padding: 0!important;height: 0!important;text-indent: -999999px;width: 0!important;overflow:hidden;\">03 - Cota\u00e7\u00e3o<\/legend><input type='hidden' name='__fluent_form_embded_post_id' value='1964' \/><input type=\"hidden\" id=\"_fluentform_3_fluentformnonce\" name=\"_fluentform_3_fluentformnonce\" value=\"df20174799\" \/><input type=\"hidden\" name=\"_wp_http_referer\" value=\"\/site\/wp-json\/wp\/v2\/pages\/1964\" \/><div class='ff-el-group'><div class='ff-el-input--content'><input type=\"text\" name=\"nome\" class=\"ff-el-form-control\" placeholder=\"Nome\" data-name=\"nome\" id=\"ff_3_nome\"  aria-invalid=\"false\" aria-required=true><\/div><\/div><div class='ff-el-group ff-el-form-hide_label'><div class=\"ff-el-input--label ff-el-is-required asterisk-right\"><label for='ff_3_email' id='label_ff_3_email' aria-label=\"E-mail\">E-mail<\/label><\/div><div class='ff-el-input--content'><input type=\"email\" name=\"email\" id=\"ff_3_email\" class=\"ff-el-form-control\" placeholder=\"E-mail\" data-name=\"email\"  aria-invalid=\"false\" aria-required=true><\/div><\/div><div data-name=\"ff_cn_id_1\"  class='ff-t-container ff-column-container ff_columns_total_1 '><div class='ff-t-cell ff-t-column-1' style='flex-basis: 100%;'><div class='ff-el-group'><div class='ff-el-input--content'><input type=\"text\" name=\"whatsapp\" data-mask=\"(00) 0 0000 - 0000\" class=\"ff-el-form-control\" placeholder=\"WhatsApp\" data-name=\"whatsapp\" id=\"ff_3_whatsapp\"  aria-invalid=\"false\" aria-required=true><\/div><\/div><\/div><\/div><input type=\"hidden\" name=\"produto\" value=\"Seguro Responsabilidade Civil Profissional (E&amp;O)\" data-name=\"produto\" ><div class='ff-el-group'><div class='ff-el-input--content'><textarea aria-required=\"false\" aria-labelledby=\"label_ff_3_mensagem\" name=\"mensagem\" id=\"ff_3_mensagem\" class=\"ff-el-form-control\" placeholder=\"Sua mensagem\" rows=\"4\" cols=\"2\" data-name=\"mensagem\" ><\/textarea><\/div><\/div><div class='ff-el-group ff-text-left ff_submit_btn_wrapper'><button type=\"submit\" class=\"ff-btn ff-btn-submit ff-btn-md ff_btn_style\"  aria-label=\"Enviar\">Enviar<\/button><\/div><\/fieldset><\/form><div id='fluentform_3_errors' class='ff-errors-in-stack ff_form_instance_3_1 ff-form-loading_errors ff_form_instance_3_1_errors'><\/div><\/div>            <script type=\"text\/javascript\">\n                window.fluent_form_ff_form_instance_3_1 = {\"id\":\"3\",\"settings\":{\"layout\":{\"labelPlacement\":\"top\",\"helpMessagePlacement\":\"with_label\",\"errorMessagePlacement\":\"inline\",\"cssClassName\":\"\",\"asteriskPlacement\":\"asterisk-right\"},\"restrictions\":{\"denyEmptySubmission\":{\"enabled\":false}}},\"form_instance\":\"ff_form_instance_3_1\",\"form_id_selector\":\"fluentform_3\",\"rules\":{\"nome\":{\"required\":{\"value\":true,\"message\":\"Este campo \\u00e9 obrigat\\u00f3rio\",\"global\":false,\"global_message\":\"Este campo \\u00e9 obrigat\\u00f3rio\"}},\"email\":{\"required\":{\"value\":true,\"message\":\"Este campo \\u00e9 obrigat\\u00f3rio\",\"global_message\":\"Este campo \\u00e9 obrigat\\u00f3rio\",\"global\":true},\"email\":{\"value\":true,\"message\":\"Este campo deve conter um e-mail v\\u00e1lido\",\"global_message\":\"Este campo deve conter um e-mail v\\u00e1lido\",\"global\":true}},\"whatsapp\":{\"required\":{\"value\":true,\"message\":\"Preencha com seu WhatsApp\",\"global\":false,\"global_message\":\"Este campo \\u00e9 obrigat\\u00f3rio\"}},\"mensagem\":{\"required\":{\"value\":false,\"message\":\"\",\"global\":false,\"global_message\":\"Este campo \\u00e9 obrigat\\u00f3rio\"}}},\"debounce_time\":300};\n                            <\/script>\n            \n\t\t<\/div>\n\n\t\t\t\t\t\t<\/div>\n\t\t\t\t<\/div>\n\t\t\t\t\t<\/div>\n\t\t<\/div>\n\t\t\t\t\t<\/div>\n\t\t<\/section>\n\t\t\t\t\t<\/div>\n\t\t<\/div>\n\t\t\t\t\t<\/div>\n\t\t<\/section>\n\t\t\t\t<section class=\"elementor-section elementor-top-section elementor-element elementor-element-50w5egi elementor-section-content-middle elementor-reverse-mobile elementor-section-boxed elementor-section-height-default elementor-section-height-default\" data-id=\"50w5egi\" data-element_type=\"section\" data-settings=\"{&quot;background_background&quot;:&quot;classic&quot;,&quot;_ha_eqh_enable&quot;:false,&quot;ekit_has_onepagescroll_dot&quot;:&quot;yes&quot;}\">\n\t\t\t\t\t\t<div class=\"elementor-container elementor-column-gap-default\">\n\t\t\t\t\t<div class=\"elementor-column elementor-col-100 elementor-top-column elementor-element elementor-element-22a42c0\" data-id=\"22a42c0\" data-element_type=\"column\" data-settings=\"{&quot;background_background&quot;:&quot;classic&quot;}\">\n\t\t\t<div class=\"elementor-widget-wrap elementor-element-populated\">\n\t\t\t\t\t\t<div class=\"elementor-element elementor-element-f0768ca elementor-widget elementor-widget-text-editor\" data-id=\"f0768ca\" data-element_type=\"widget\" data-settings=\"{&quot;ekit_we_effect_on&quot;:&quot;none&quot;}\" data-widget_type=\"text-editor.default\">\n\t\t\t\t<div class=\"elementor-widget-container\">\n\t\t\t\t\t\t\t\t\t<div class=\"fusion-text fusion-text-1\"><section id=\"anchor1\"><div class=\"container ps-titling-responsive ps-container-fluid ps-noGutter ps-md-pad--bottom ps-md-pad--top ps-js-fixed-btn--hidden-el\"><div class=\"ps-container ps-alignCenter\"><div class=\"ps-mod8 ps-noGutter \"><p>A quest\u00e3o fundamental \u00e9 que eventuais falhas, mesmo que n\u00e3o intencionais, podem se transformar em grandes preju\u00edzos financeiros para os profissionais j\u00e1 que esses podem sofrer processos originados por seus clientes.<\/p><p class=\"texto ps-headline ps-mar--center ps-color-grey ps-titling-responsive__description\"><b>Seguro RC Profissional (E&amp;O)<\/b> \u00e9 um produto que garante a indeniza\u00e7\u00e3o desses terceiros cobrindo gastos com defesa judicial, como senten\u00e7a judicial transitadas em julgado, decis\u00e3o arbitral que n\u00e3o caiba mais recursos, decis\u00e3o final proferida em processo administrativo e acordo autorizado de modo expresso pela Seguradora, segundo citado na ap\u00f3lice.<\/p><h2>Produto indicado para:<\/h2><ul><li>Administradores de Im\u00f3veis<\/li><li>Advogados<\/li><li>Agentes de Viagem<\/li><li>Arquitetos e Engenheiros<\/li><li>Autoridades Certificadoras e Autoridades de Registro<\/li><li>Cart\u00f3rio<\/li><li>Consultoria Empresarial<\/li><li>Contabilidade<\/li><li>Corretor de Seguros<\/li><li>Dentistas<\/li><\/ul><ul><li>Despachante Aduaneiro<\/li><li>Empresas de Publicidade e Propaganda<\/li><li>Empresas de Tecnologia<\/li><li>Engenheira Agr\u00f4noma<\/li><li>Intermedi\u00e1rio de Jogador de Futebol<\/li><li>M\u00e9dicos, Cl\u00ednicas M\u00e9dicas, Hospitais, Maternidades, Centro de Diagn\u00f3sticos, Laborat\u00f3rios e Pronto-Socorro<\/li><li>Terceiriza\u00e7\u00e3o<\/li><li>Veterin\u00e1rios, Cl\u00ednica M\u00e9dica, Hospitais, Laborat\u00f3rios e Centros de Diagn\u00f3sticos Veterin\u00e1rios, Hot\u00e9is e Creches.<\/li><li>Vistoria Veicular<\/li><\/ul><\/div><\/div><\/div><\/section><\/div>\t\t\t\t\t\t\t\t<\/div>\n\t\t\t\t<\/div>\n\t\t\t\t\t<\/div>\n\t\t<\/div>\n\t\t\t\t\t<\/div>\n\t\t<\/section>\n\t\t\t\t<section class=\"elementor-section elementor-top-section elementor-element elementor-element-34c573d3 elementor-section-boxed elementor-section-height-default elementor-section-height-default\" data-id=\"34c573d3\" data-element_type=\"section\" data-settings=\"{&quot;background_background&quot;:&quot;gradient&quot;,&quot;_ha_eqh_enable&quot;:false,&quot;ekit_has_onepagescroll_dot&quot;:&quot;yes&quot;}\">\n\t\t\t\t\t\t<div class=\"elementor-container elementor-column-gap-default\">\n\t\t\t\t\t<div class=\"elementor-column elementor-col-100 elementor-top-column elementor-element elementor-element-2c6fd21a\" data-id=\"2c6fd21a\" data-element_type=\"column\" data-settings=\"{&quot;background_background&quot;:&quot;classic&quot;}\">\n\t\t\t<div class=\"elementor-widget-wrap elementor-element-populated\">\n\t\t\t\t\t\t<section class=\"elementor-section elementor-top-section elementor-element elementor-element-4b5b1f99 elementor-section-content-middle elementor-section-boxed elementor-section-height-default elementor-section-height-default\" data-id=\"4b5b1f99\" data-element_type=\"section\" data-settings=\"{&quot;_ha_eqh_enable&quot;:false,&quot;ekit_has_onepagescroll_dot&quot;:&quot;yes&quot;}\">\n\t\t\t\t\t\t<div class=\"elementor-container elementor-column-gap-default\">\n\t\t\t\t\t<div class=\"elementor-column elementor-col-50 elementor-top-column elementor-element elementor-element-2d566351\" data-id=\"2d566351\" data-element_type=\"column\">\n\t\t\t<div class=\"elementor-widget-wrap elementor-element-populated\">\n\t\t\t\t\t\t<div class=\"elementor-element elementor-element-252c0c3 elementor-widget__width-auto elementor-widget elementor-widget-heading\" data-id=\"252c0c3\" data-element_type=\"widget\" data-settings=\"{&quot;ekit_we_effect_on&quot;:&quot;none&quot;}\" data-widget_type=\"heading.default\">\n\t\t\t\t<div class=\"elementor-widget-container\">\n\t\t\t\t\t<h4 class=\"elementor-heading-title elementor-size-default\">INFORMA\u00c7\u00d5ES<\/h4>\t\t\t\t<\/div>\n\t\t\t\t<\/div>\n\t\t\t\t<div class=\"elementor-element elementor-element-590a438b elementor-widget__width-auto elementor-widget-tablet__width-initial elementor-widget elementor-widget-heading\" data-id=\"590a438b\" data-element_type=\"widget\" data-settings=\"{&quot;ekit_we_effect_on&quot;:&quot;none&quot;}\" data-widget_type=\"heading.default\">\n\t\t\t\t<div class=\"elementor-widget-container\">\n\t\t\t\t\t<p class=\"elementor-heading-title elementor-size-default\">Solicite informa\u00e7\u00f5es sobre o produto<\/p>\t\t\t\t<\/div>\n\t\t\t\t<\/div>\n\t\t\t\t\t<\/div>\n\t\t<\/div>\n\t\t\t\t<div class=\"elementor-column elementor-col-50 elementor-top-column elementor-element elementor-element-497fc2c3\" data-id=\"497fc2c3\" data-element_type=\"column\">\n\t\t\t<div class=\"elementor-widget-wrap elementor-element-populated\">\n\t\t\t\t\t\t<div class=\"elementor-element elementor-element-28cf6bb1 elementor-align-right elementor-mobile-align-left elementor-widget elementor-widget-button\" data-id=\"28cf6bb1\" data-element_type=\"widget\" data-settings=\"{&quot;ekit_we_effect_on&quot;:&quot;none&quot;}\" data-widget_type=\"button.default\">\n\t\t\t\t<div class=\"elementor-widget-container\">\n\t\t\t\t\t\t\t\t\t<div class=\"elementor-button-wrapper\">\n\t\t\t\t\t<a class=\"elementor-button elementor-button-link elementor-size-sm\" href=\"#topo\">\n\t\t\t\t\t\t<span class=\"elementor-button-content-wrapper\">\n\t\t\t\t\t\t\t\t\t<span class=\"elementor-button-text\">Solicite informa\u00e7\u00f5es<\/span>\n\t\t\t\t\t<\/span>\n\t\t\t\t\t<\/a>\n\t\t\t\t<\/div>\n\t\t\t\t\t\t\t\t<\/div>\n\t\t\t\t<\/div>\n\t\t\t\t\t<\/div>\n\t\t<\/div>\n\t\t\t\t\t<\/div>\n\t\t<\/section>\n\t\t\t\t\t<\/div>\n\t\t<\/div>\n\t\t\t\t\t<\/div>\n\t\t<\/section>\n\t\t\t\t<section class=\"elementor-section elementor-top-section elementor-element elementor-element-188bed1 elementor-section-boxed elementor-section-height-default elementor-section-height-default\" data-id=\"188bed1\" data-element_type=\"section\" data-settings=\"{&quot;background_background&quot;:&quot;classic&quot;,&quot;_ha_eqh_enable&quot;:false,&quot;ekit_has_onepagescroll_dot&quot;:&quot;yes&quot;}\">\n\t\t\t\t\t\t\t<div class=\"elementor-background-overlay\"><\/div>\n\t\t\t\t\t\t\t<div class=\"elementor-container elementor-column-gap-default\">\n\t\t\t\t\t<div class=\"elementor-column elementor-col-100 elementor-top-column elementor-element elementor-element-9a239da\" data-id=\"9a239da\" data-element_type=\"column\" data-settings=\"{&quot;background_background&quot;:&quot;classic&quot;}\">\n\t\t\t<div class=\"elementor-widget-wrap elementor-element-populated\">\n\t\t\t\t\t\t<div class=\"elementor-element elementor-element-97e4be2 elementor-widget elementor-widget-heading\" data-id=\"97e4be2\" data-element_type=\"widget\" data-settings=\"{&quot;ekit_we_effect_on&quot;:&quot;none&quot;}\" data-widget_type=\"heading.default\">\n\t\t\t\t<div class=\"elementor-widget-container\">\n\t\t\t\t\t<h2 class=\"elementor-heading-title elementor-size-default\">D\u00favidas Frequentes<\/h2>\t\t\t\t<\/div>\n\t\t\t\t<\/div>\n\t\t\t\t<div class=\"elementor-element elementor-element-93cfd73 ha-accordion--icon-right elementor-widget elementor-widget-ha-accordion happy-addon ha-accordion happy-addon-pro\" data-id=\"93cfd73\" data-element_type=\"widget\" data-settings=\"{&quot;ekit_we_effect_on&quot;:&quot;none&quot;}\" data-widget_type=\"ha-accordion.default\">\n\t\t\t\t<div class=\"elementor-widget-container\">\n\t\t\t\t\t        <div class=\"ha-accordion__wrapper\" role=\"tablist\">\n                            <div class=\"ha-accordion__item\">\n                    <div id=\"ha-accordion__item-title-1541\" class=\"ha-accordion__item-title\" data-tab=\"1\" role=\"tab\" aria-controls=\"ha-accordion__item-content-1541\">\n                                                    <span class=\"ha-accordion__item-icon ha-accordion__icon\" aria-hidden=\"true\">\n                                                                    <span class=\"ha-accordion__icon--closed\"><i class=\"fas fa-angle-right\"><\/i><\/span>\n                                                                                                    <span class=\"ha-accordion__icon--opened\"><i class=\"fas fa-angle-down\"><\/i><\/span>\n                                                            <\/span>\n                                                <div class=\"ha-accordion__item-title-inner\">\n                                                        <span class=\"ha-accordion__item-title-text\">O que \u00e9 Seguro de Responsabilidade Civil? <\/span>\n                        <\/div>\n                    <\/div>\n                    <div id=\"ha-accordion__item-content-1541\" class=\"ha-accordion__item-content\" data-tab=\"1\" role=\"tabpanel\" aria-labelledby=\"ha-accordion__item-title-1541\">\n                        <p>\u00c9 o seguro que garante ao segurado a indeniza\u00e7\u00e3o por danos materiais ou corporais causados involuntariamente a terceiros.<\/p>                    <\/div>\n                <\/div>\n                            <div class=\"ha-accordion__item\">\n                    <div id=\"ha-accordion__item-title-1542\" class=\"ha-accordion__item-title\" data-tab=\"2\" role=\"tab\" aria-controls=\"ha-accordion__item-content-1542\">\n                                                    <span class=\"ha-accordion__item-icon ha-accordion__icon\" aria-hidden=\"true\">\n                                                                    <span class=\"ha-accordion__icon--closed\"><i class=\"fas fa-angle-right\"><\/i><\/span>\n                                                                                                    <span class=\"ha-accordion__icon--opened\"><i class=\"fas fa-angle-down\"><\/i><\/span>\n                                                            <\/span>\n                                                <div class=\"ha-accordion__item-title-inner\">\n                                                        <span class=\"ha-accordion__item-title-text\">O seguro de Responsabilidade Civil cobre Danos Morais? <\/span>\n                        <\/div>\n                    <\/div>\n                    <div id=\"ha-accordion__item-content-1542\" class=\"ha-accordion__item-content\" data-tab=\"2\" role=\"tabpanel\" aria-labelledby=\"ha-accordion__item-title-1542\">\n                        <div class=\"elementor-accordion-item\"><div id=\"elementor-tab-content-1773\" class=\"elementor-tab-content elementor-clearfix elementor-active\" role=\"tabpanel\" data-tab=\"3\" aria-labelledby=\"elementor-tab-title-1773\"><p>Sim. Para obter essa garantia, basta contratar a cobertura adicional de Danos Morais e\/ou Est\u00e9ticos.<\/p><\/div><\/div>                    <\/div>\n                <\/div>\n                    <\/div>\n        \t\t\t\t<\/div>\n\t\t\t\t<\/div>\n\t\t\t\t\t<\/div>\n\t\t<\/div>\n\t\t\t\t\t<\/div>\n\t\t<\/section>\n\t\t\t\t<\/div>\n\t\t","protected":false},"excerpt":{"rendered":"<p>Ideal para profissionais que precisam de seguran\u00e7a contra imprevistos no exerc\u00edcio de suas profiss\u00f5es. Fa\u00e7a sua cota\u00e7\u00e3o agora A quest\u00e3o fundamental \u00e9 que eventuais falhas, mesmo que n\u00e3o intencionais, podem se transformar em grandes preju\u00edzos financeiros para os profissionais j\u00e1 que esses podem sofrer processos originados por seus clientes. Seguro RC Profissional (E&amp;O) \u00e9 um [&hellip;]<\/p>\n","protected":false},"author":1,"featured_media":0,"parent":963,"menu_order":0,"comment_status":"closed","ping_status":"closed","template":"elementor_header_footer","meta":{"footnotes":""},"class_list":["post-1964","page","type-page","status-publish","hentry"],"_links":{"self":[{"href":"https:\/\/www.pagos.com.br\/site\/wp-json\/wp\/v2\/pages\/1964","targetHints":{"allow":["GET"]}}],"collection":[{"href":"https:\/\/www.pagos.com.br\/site\/wp-json\/wp\/v2\/pages"}],"about":[{"href":"https:\/\/www.pagos.com.br\/site\/wp-json\/wp\/v2\/types\/page"}],"author":[{"embeddable":true,"href":"https:\/\/www.pagos.com.br\/site\/wp-json\/wp\/v2\/users\/1"}],"replies":[{"embeddable":true,"href":"https:\/\/www.pagos.com.br\/site\/wp-json\/wp\/v2\/comments?post=1964"}],"version-history":[{"count":17,"href":"https:\/\/www.pagos.com.br\/site\/wp-json\/wp\/v2\/pages\/1964\/revisions"}],"predecessor-version":[{"id":2255,"href":"https:\/\/www.pagos.com.br\/site\/wp-json\/wp\/v2\/pages\/1964\/revisions\/2255"}],"up":[{"embeddable":true,"href":"https:\/\/www.pagos.com.br\/site\/wp-json\/wp\/v2\/pages\/963"}],"wp:attachment":[{"href":"https:\/\/www.pagos.com.br\/site\/wp-json\/wp\/v2\/media?parent=1964"}],"curies":[{"name":"wp","href":"https:\/\/api.w.org\/{rel}","templated":true}]}}