{"id":2308,"date":"2021-09-17T16:09:47","date_gmt":"2021-09-17T19:09:47","guid":{"rendered":"https:\/\/www.pagos.com.br\/site\/?page_id=2308"},"modified":"2021-09-21T23:01:53","modified_gmt":"2021-09-22T02:01:53","slug":"seguro-residencial","status":"publish","type":"page","link":"https:\/\/www.pagos.com.br\/site\/produtos\/seguro-residencial\/","title":{"rendered":"Seguro Residencial"},"content":{"rendered":"\t\t<div data-elementor-type=\"wp-page\" data-elementor-id=\"2308\" class=\"elementor elementor-2308\" data-elementor-settings=\"{&quot;ha_cmc_init_switcher&quot;:&quot;no&quot;}\" data-elementor-post-type=\"page\">\n\t\t\t\t\t\t<section class=\"elementor-section elementor-top-section elementor-element elementor-element-csfwbsu elementor-section-height-min-height elementor-section-boxed elementor-section-height-default elementor-section-items-middle\" data-id=\"csfwbsu\" data-element_type=\"section\" id=\"topo\" data-settings=\"{&quot;background_background&quot;:&quot;classic&quot;,&quot;_ha_eqh_enable&quot;:false,&quot;ekit_has_onepagescroll_dot&quot;:&quot;yes&quot;}\">\n\t\t\t\t\t\t\t<div class=\"elementor-background-overlay\"><\/div>\n\t\t\t\t\t\t\t<div class=\"elementor-container elementor-column-gap-default\">\n\t\t\t\t\t<div class=\"elementor-column elementor-col-100 elementor-top-column elementor-element elementor-element-167bc27\" data-id=\"167bc27\" data-element_type=\"column\">\n\t\t\t<div class=\"elementor-widget-wrap elementor-element-populated\">\n\t\t\t\t\t\t<section class=\"elementor-section elementor-inner-section elementor-element elementor-element-2320c17 elementor-section-content-middle elementor-section-boxed elementor-section-height-default elementor-section-height-default\" data-id=\"2320c17\" data-element_type=\"section\" data-settings=\"{&quot;_ha_eqh_enable&quot;:false,&quot;ekit_has_onepagescroll_dot&quot;:&quot;yes&quot;}\">\n\t\t\t\t\t\t<div class=\"elementor-container elementor-column-gap-default\">\n\t\t\t\t\t<div class=\"elementor-column elementor-col-66 elementor-inner-column elementor-element elementor-element-2cb1211\" data-id=\"2cb1211\" data-element_type=\"column\">\n\t\t\t<div class=\"elementor-widget-wrap elementor-element-populated\">\n\t\t\t\t\t\t<div class=\"elementor-element elementor-element-9066b40 elementor-widget elementor-widget-text-editor\" data-id=\"9066b40\" data-element_type=\"widget\" data-settings=\"{&quot;ekit_we_effect_on&quot;:&quot;none&quot;}\" data-widget_type=\"text-editor.default\">\n\t\t\t\t<div class=\"elementor-widget-container\">\n\t\t\t\t\t\t\t\t\tSeguro Residencial\t\t\t\t\t\t\t\t<\/div>\n\t\t\t\t<\/div>\n\t\t\t\t<div class=\"elementor-element elementor-element-74bc036 elementor-widget elementor-widget-text-editor\" data-id=\"74bc036\" data-element_type=\"widget\" data-settings=\"{&quot;ekit_we_effect_on&quot;:&quot;none&quot;}\" data-widget_type=\"text-editor.default\">\n\t\t\t\t<div class=\"elementor-widget-container\">\n\t\t\t\t\t\t\t\t\t<p>Seja uma casa ou um apartamento, pr\u00f3prio ou alugado. Com o seguro residencial seu lar fica protegido e recebe um cuidado todo especial.<\/p>\t\t\t\t\t\t\t\t<\/div>\n\t\t\t\t<\/div>\n\t\t\t\t\t<\/div>\n\t\t<\/div>\n\t\t\t\t<div class=\"elementor-column elementor-col-33 elementor-inner-column elementor-element elementor-element-686970c\" data-id=\"686970c\" data-element_type=\"column\" id=\"orcamento\" data-settings=\"{&quot;background_background&quot;:&quot;classic&quot;}\">\n\t\t\t<div class=\"elementor-widget-wrap elementor-element-populated\">\n\t\t\t\t\t\t<div class=\"elementor-element elementor-element-24d6b1d elementor-widget-divider--view-line elementor-widget elementor-widget-divider\" data-id=\"24d6b1d\" data-element_type=\"widget\" data-settings=\"{&quot;ekit_we_effect_on&quot;:&quot;none&quot;}\" data-widget_type=\"divider.default\">\n\t\t\t\t<div class=\"elementor-widget-container\">\n\t\t\t\t\t\t\t<div class=\"elementor-divider\">\n\t\t\t<span class=\"elementor-divider-separator\">\n\t\t\t\t\t\t<\/span>\n\t\t<\/div>\n\t\t\t\t\t\t<\/div>\n\t\t\t\t<\/div>\n\t\t\t\t<div class=\"elementor-element elementor-element-624bfb0 elementor-widget elementor-widget-heading\" data-id=\"624bfb0\" data-element_type=\"widget\" data-settings=\"{&quot;ekit_we_effect_on&quot;:&quot;none&quot;}\" data-widget_type=\"heading.default\">\n\t\t\t\t<div class=\"elementor-widget-container\">\n\t\t\t\t\t<h5 class=\"elementor-heading-title elementor-size-default\">Fa\u00e7a sua cota\u00e7\u00e3o agora<\/h5>\t\t\t\t<\/div>\n\t\t\t\t<\/div>\n\t\t\t\t<div class=\"elementor-element elementor-element-fcc36c9 bdt-fluentform-form-button-custom bdt-ff-step-header-yes bdt-ff-step-progressbar-yes elementor-widget elementor-widget-bdt-fluent-forms\" data-id=\"fcc36c9\" data-element_type=\"widget\" data-settings=\"{&quot;ekit_we_effect_on&quot;:&quot;none&quot;}\" data-widget_type=\"bdt-fluent-forms.default\">\n\t\t\t\t<div class=\"elementor-widget-container\">\n\t\t\t\t\t\n\t\t<div class=\"bdt-fluent-forms\">\n\n\t\t\t<div class='fluentform ff-default fluentform_wrapper_3 ffs_default_wrap'><form data-form_id=\"3\" id=\"fluentform_3\" class=\"frm-fluent-form fluent_form_3 ff-el-form-top ff_form_instance_3_1 ff-form-loading ffs_default\" data-form_instance=\"ff_form_instance_3_1\" method=\"POST\" ><fieldset  style=\"border: none!important;margin: 0!important;padding: 0!important;background-color: transparent!important;box-shadow: none!important;outline: none!important; min-inline-size: 100%;\">\n                    <legend class=\"ff_screen_reader_title\" style=\"display: block; margin: 0!important;padding: 0!important;height: 0!important;text-indent: -999999px;width: 0!important;overflow:hidden;\">03 - Cota\u00e7\u00e3o<\/legend><input type='hidden' name='__fluent_form_embded_post_id' value='2308' \/><input type=\"hidden\" id=\"_fluentform_3_fluentformnonce\" name=\"_fluentform_3_fluentformnonce\" value=\"df20174799\" \/><input type=\"hidden\" name=\"_wp_http_referer\" value=\"\/site\/wp-json\/wp\/v2\/pages\/2308\" \/><div class='ff-el-group'><div class='ff-el-input--content'><input type=\"text\" name=\"nome\" class=\"ff-el-form-control\" placeholder=\"Nome\" data-name=\"nome\" id=\"ff_3_nome\"  aria-invalid=\"false\" aria-required=true><\/div><\/div><div class='ff-el-group ff-el-form-hide_label'><div class=\"ff-el-input--label ff-el-is-required asterisk-right\"><label for='ff_3_email' id='label_ff_3_email' aria-label=\"E-mail\">E-mail<\/label><\/div><div class='ff-el-input--content'><input type=\"email\" name=\"email\" id=\"ff_3_email\" class=\"ff-el-form-control\" placeholder=\"E-mail\" data-name=\"email\"  aria-invalid=\"false\" aria-required=true><\/div><\/div><div data-name=\"ff_cn_id_1\"  class='ff-t-container ff-column-container ff_columns_total_1 '><div class='ff-t-cell ff-t-column-1' style='flex-basis: 100%;'><div class='ff-el-group'><div class='ff-el-input--content'><input type=\"text\" name=\"whatsapp\" data-mask=\"(00) 0 0000 - 0000\" class=\"ff-el-form-control\" placeholder=\"WhatsApp\" data-name=\"whatsapp\" id=\"ff_3_whatsapp\"  aria-invalid=\"false\" aria-required=true><\/div><\/div><\/div><\/div><input type=\"hidden\" name=\"produto\" value=\"Seguro Residencial\" data-name=\"produto\" ><div class='ff-el-group'><div class='ff-el-input--content'><textarea aria-required=\"false\" aria-labelledby=\"label_ff_3_mensagem\" name=\"mensagem\" id=\"ff_3_mensagem\" class=\"ff-el-form-control\" placeholder=\"Sua mensagem\" rows=\"4\" cols=\"2\" data-name=\"mensagem\" ><\/textarea><\/div><\/div><div class='ff-el-group ff-text-left ff_submit_btn_wrapper'><button type=\"submit\" class=\"ff-btn ff-btn-submit ff-btn-md ff_btn_style\"  aria-label=\"Enviar\">Enviar<\/button><\/div><\/fieldset><\/form><div id='fluentform_3_errors' class='ff-errors-in-stack ff_form_instance_3_1 ff-form-loading_errors ff_form_instance_3_1_errors'><\/div><\/div>            <script type=\"text\/javascript\">\n                window.fluent_form_ff_form_instance_3_1 = {\"id\":\"3\",\"settings\":{\"layout\":{\"labelPlacement\":\"top\",\"helpMessagePlacement\":\"with_label\",\"errorMessagePlacement\":\"inline\",\"cssClassName\":\"\",\"asteriskPlacement\":\"asterisk-right\"},\"restrictions\":{\"denyEmptySubmission\":{\"enabled\":false}}},\"form_instance\":\"ff_form_instance_3_1\",\"form_id_selector\":\"fluentform_3\",\"rules\":{\"nome\":{\"required\":{\"value\":true,\"message\":\"Este campo \\u00e9 obrigat\\u00f3rio\",\"global\":false,\"global_message\":\"Este campo \\u00e9 obrigat\\u00f3rio\"}},\"email\":{\"required\":{\"value\":true,\"message\":\"Este campo \\u00e9 obrigat\\u00f3rio\",\"global_message\":\"Este campo \\u00e9 obrigat\\u00f3rio\",\"global\":true},\"email\":{\"value\":true,\"message\":\"Este campo deve conter um e-mail v\\u00e1lido\",\"global_message\":\"Este campo deve conter um e-mail v\\u00e1lido\",\"global\":true}},\"whatsapp\":{\"required\":{\"value\":true,\"message\":\"Preencha com seu WhatsApp\",\"global\":false,\"global_message\":\"Este campo \\u00e9 obrigat\\u00f3rio\"}},\"mensagem\":{\"required\":{\"value\":false,\"message\":\"\",\"global\":false,\"global_message\":\"Este campo \\u00e9 obrigat\\u00f3rio\"}}},\"debounce_time\":300};\n                            <\/script>\n            \n\t\t<\/div>\n\n\t\t\t\t\t\t<\/div>\n\t\t\t\t<\/div>\n\t\t\t\t\t<\/div>\n\t\t<\/div>\n\t\t\t\t\t<\/div>\n\t\t<\/section>\n\t\t\t\t\t<\/div>\n\t\t<\/div>\n\t\t\t\t\t<\/div>\n\t\t<\/section>\n\t\t\t\t<section class=\"elementor-section elementor-top-section elementor-element elementor-element-50w5egi elementor-section-content-middle elementor-reverse-mobile elementor-section-boxed elementor-section-height-default elementor-section-height-default\" data-id=\"50w5egi\" data-element_type=\"section\" data-settings=\"{&quot;background_background&quot;:&quot;classic&quot;,&quot;_ha_eqh_enable&quot;:false,&quot;ekit_has_onepagescroll_dot&quot;:&quot;yes&quot;}\">\n\t\t\t\t\t\t<div class=\"elementor-container elementor-column-gap-default\">\n\t\t\t\t\t<div class=\"elementor-column elementor-col-100 elementor-top-column elementor-element elementor-element-22a42c0\" data-id=\"22a42c0\" data-element_type=\"column\" data-settings=\"{&quot;background_background&quot;:&quot;classic&quot;}\">\n\t\t\t<div class=\"elementor-widget-wrap elementor-element-populated\">\n\t\t\t\t\t\t<div class=\"elementor-element elementor-element-f0768ca elementor-widget elementor-widget-text-editor\" data-id=\"f0768ca\" data-element_type=\"widget\" data-settings=\"{&quot;ekit_we_effect_on&quot;:&quot;none&quot;}\" data-widget_type=\"text-editor.default\">\n\t\t\t\t<div class=\"elementor-widget-container\">\n\t\t\t\t\t\t\t\t\t<div>Excelente rela\u00e7\u00e3o custo\/beneficio comparando como valor do im\u00f3vel segurado, garantindo a tranquilidade que voc\u00ea precisa.<\/div><p>Um seguro destinado a proteger sua resid\u00eancia, seja ela habitual ou de veraneio, contra eventos imprevistos com uma ampla gama de coberturas que poder\u00e3o ser contratadas de acordo com as suas necessidades.<\/p><div><h2>Coberturas b\u00e1sicas<\/h2><ul><li>Inc\u00eandio, queda de raio e explos\u00e3o<\/li><\/ul><\/div><div>\u00a0<\/div><div><div><h2>Coberturas adicionais<\/h2><ul><li aria-level=\"1\"><strong>Danos El\u00e9tricos<\/strong>: Ampara seus eletr\u00f4nicos se eles forem danificados por curto-circuito, varia\u00e7\u00e3o de energia ou queda de raio.<br \/><br \/><\/li><li aria-level=\"1\"><strong>Roubo ou Furto<\/strong>: Em caso de um roubo ou furto no seu lar, pagamos a reposi\u00e7\u00e3o do que foi levado ou danificado.<br \/><br \/><\/li><li aria-level=\"1\"><strong>Alagamentos<\/strong>: Ampara os preju\u00edzos ao im\u00f3vel e aos bens dos clientes em caso de alagamento, inunda\u00e7\u00e3o e enchente, que tenham acontecido por fortes chuvas. Tamb\u00e9m est\u00e3o garantidos os danos el\u00e9tricos que aconteceram por conta desses eventos, al\u00e9m das despesas com as a\u00e7\u00f5es para evitar maiores preju\u00edzos.<br \/><br \/><\/li><li aria-level=\"1\"><strong>Danos a Terceiros<\/strong>: A cobertura de Responsabilidade Civil Familiar ampara os danos a terceiros causados por voc\u00ea, ou por algu\u00e9m que mora em sua casa.<br \/><br \/><\/li><li aria-level=\"1\"><strong>Neg\u00f3cios em Casa<\/strong>: Ampara de escrit\u00f3rios at\u00e9 pequenos com\u00e9rcios dentro de casa, sejam abertos para o p\u00fablico ou n\u00e3o. Ideal para profissionais liberais, aut\u00f4nomos e empreendedores que trabalham em casa e para os que tem pequenos estabelecimentos como cabeleireiros, papelarias e at\u00e9 pequenas franquias.<br \/><br \/><\/li><li aria-level=\"1\"><strong>Auxilio Funeral Familiar<\/strong>: Em caso de falecimento do segurado, c\u00f4njuge ou filhos, garantimos o reembolso das despesas funer\u00e1rias, em at\u00e9 R$ 5 mil por pessoa. Esse valor pode ser contratado para cada membro da fam\u00edlia.<br \/><br \/><\/li><li aria-level=\"1\"><strong>Desmoronamento<\/strong>: Caso aconte\u00e7a um desmoronamento em seu im\u00f3vel, como de muros ou paredes, n\u00f3s garantimos esses preju\u00edzos. Se voc\u00ea precisar proteger sua casa de um desabamento, n\u00f3s tamb\u00e9m cobrimos esses custos.<br \/><br \/><\/li><li aria-level=\"1\"><strong>Impacto de Ve\u00edculos Terrestres<\/strong>: Se acontecer um batida de ve\u00edculo que danifique sua casa, iremos amparar esses preju\u00edzos.<br \/><br \/><\/li><li aria-level=\"1\"><strong>Instala\u00e7\u00f5es e Pequenas Reformas<\/strong>: Cobre os danos que possam acontecer em pequenos reparos, instala\u00e7\u00f5es ou montagem de m\u00f3veis, como troca de revestimentos, pinturas, aplica\u00e7\u00e3o de gesso, instala\u00e7\u00e3o de cortinas, de acess\u00f3rios de banheiros, de nichos ou montagem de arm\u00e1rios e racks.<br \/><br \/><\/li><li aria-level=\"1\"><strong>Pagamento de Condom\u00ednio por Desemprego e Morte Acidental<\/strong>: Em caso de desemprego de algu\u00e9m que mora em sua casa, pagamos at\u00e9 tr\u00eas condom\u00ednios para voc\u00ea. E em caso de morte acidental do segurado, pagamos uma indeniza\u00e7\u00e3o fixa de R$ 5.000,00 para seu(s) benefici\u00e1rio(s).<br \/><br \/><\/li><li aria-level=\"1\"><strong>Perda ou Pagamento de Aluguel<\/strong>: Se acontecer um sinistro que deixe o im\u00f3vel inabit\u00e1vel e te impossibilite de ficar em sua casa, garantimos o aluguel de outro lugar provis\u00f3rio.<br \/><br \/><\/li><li aria-level=\"1\"><strong>Placa Solar<\/strong>: Amparamos os preju\u00edzos das placas solares do seu lar em caso de danos el\u00e9tricos, danos por vendaval ou queda de granizo, quebra de vidros e at\u00e9 roubo ou furto.<br \/><br \/><\/li><li aria-level=\"1\"><strong>Quebra de Vidros<\/strong>: Garante a reposi\u00e7\u00e3o de box, janelas, espelhos, vidros de varanda, tampos de mesa e at\u00e9 cooktop e lou\u00e7as sanit\u00e1rias.<br \/><br \/><\/li><li aria-level=\"1\"><strong>Responsabilidade Civil Empregador<\/strong>: Caso voc\u00ea tenha funcion\u00e1rios em casa, essa cobertura garante os danos materiais ou corporais que eles sofrerem, durante o hor\u00e1rio de trabalho.<br \/><br \/><\/li><li aria-level=\"1\"><strong>Responsabilidade civil familiar \u2013 Danos a terceiros<\/strong>: Se sem querer voc\u00ea causar algum acidente a algu\u00e9m, n\u00f3s te indenizamos pelas despesas que voc\u00ea tiver com essa situa\u00e7\u00e3o. Pode ser um vazamento no seu vizinho ou at\u00e9 objetos quebrados em uma loja. Dentro dessa cobertura, tamb\u00e9m existe a op\u00e7\u00e3o de contratar a indeniza\u00e7\u00e3o para danos morais.<br \/><br \/><\/li><li aria-level=\"1\"><strong>Subtra\u00e7\u00e3o de bicicleta &#8211; Roubo ou furto<\/strong>: Garantimos o valor da sua bicicleta, inclusive el\u00e9trica, se voc\u00ea for v\u00edtima de um assalto dentro ou fora da sua casa. Tamb\u00e9m cobrimos os danos causados \u00e0 bicicleta quando ela estiver sendo transportada em seu carro, por exemplo.<br \/><br \/><\/li><li aria-level=\"1\"><strong>Tremor de Terra e Terremoto<\/strong>: Ampara a estrutura do im\u00f3vel e seu conte\u00fado, caso se danifiquem por conta de um tremor de terra ou terremoto.<br \/><br \/><\/li><li aria-level=\"1\"><strong>Vazamento de Tubula\u00e7\u00f5es<\/strong>: Te indenizamos se um vazamento da sua casa danificar seus bens.<br \/><br \/><\/li><li aria-level=\"1\"><strong>Vendaval, Furac\u00e3o, Ciclone, Tornado e Queda de Granizo<\/strong>: Garantimos a reposi\u00e7\u00e3o dos seus bens em caso de ventos fortes ou chuva de granizo, que podem danificar sua casa e o que estiver dentro dela.<\/li><\/ul><\/div><div>\u00a0<\/div><\/div><h2>Servi\u00e7os e Vantagens<\/h2><ul><li aria-level=\"1\">Desconto progressivo \u2013 quanto mais coberturas contratadas maior o desconto sobre o valor do seguros;<\/li><li aria-level=\"1\">Desconto de Experi\u00eancia \u2013 concedido a cada renova\u00e7\u00e3o anual consecutiva sem ocorr\u00eancia de sinistro;<\/li><li aria-level=\"1\">Profissionais preparados para auxiliar e orientar os clientes no processo de sinistro, com o objetivo de garantir uma r\u00e1pida regula\u00e7\u00e3o.<\/li><li aria-level=\"1\">\u00a0Servi\u00e7os emergenciais gratuitos como chaveiro, eletricista, encanador e reparos em eletrodom\u00e9sticos.<\/li><\/ul>\t\t\t\t\t\t\t\t<\/div>\n\t\t\t\t<\/div>\n\t\t\t\t\t<\/div>\n\t\t<\/div>\n\t\t\t\t\t<\/div>\n\t\t<\/section>\n\t\t\t\t<section class=\"elementor-section elementor-top-section elementor-element elementor-element-34c573d3 elementor-section-boxed elementor-section-height-default elementor-section-height-default\" data-id=\"34c573d3\" data-element_type=\"section\" data-settings=\"{&quot;background_background&quot;:&quot;gradient&quot;,&quot;_ha_eqh_enable&quot;:false,&quot;ekit_has_onepagescroll_dot&quot;:&quot;yes&quot;}\">\n\t\t\t\t\t\t<div class=\"elementor-container elementor-column-gap-default\">\n\t\t\t\t\t<div class=\"elementor-column elementor-col-100 elementor-top-column elementor-element elementor-element-2c6fd21a\" data-id=\"2c6fd21a\" data-element_type=\"column\" data-settings=\"{&quot;background_background&quot;:&quot;classic&quot;}\">\n\t\t\t<div class=\"elementor-widget-wrap elementor-element-populated\">\n\t\t\t\t\t\t<section class=\"elementor-section elementor-top-section elementor-element elementor-element-4b5b1f99 elementor-section-content-middle elementor-section-boxed elementor-section-height-default elementor-section-height-default\" data-id=\"4b5b1f99\" data-element_type=\"section\" data-settings=\"{&quot;_ha_eqh_enable&quot;:false,&quot;ekit_has_onepagescroll_dot&quot;:&quot;yes&quot;}\">\n\t\t\t\t\t\t<div class=\"elementor-container elementor-column-gap-default\">\n\t\t\t\t\t<div class=\"elementor-column elementor-col-50 elementor-top-column elementor-element elementor-element-2d566351\" data-id=\"2d566351\" data-element_type=\"column\">\n\t\t\t<div class=\"elementor-widget-wrap elementor-element-populated\">\n\t\t\t\t\t\t<div class=\"elementor-element elementor-element-252c0c3 elementor-widget__width-auto elementor-widget elementor-widget-heading\" data-id=\"252c0c3\" data-element_type=\"widget\" data-settings=\"{&quot;ekit_we_effect_on&quot;:&quot;none&quot;}\" data-widget_type=\"heading.default\">\n\t\t\t\t<div class=\"elementor-widget-container\">\n\t\t\t\t\t<h4 class=\"elementor-heading-title elementor-size-default\">INFORMA\u00c7\u00d5ES<\/h4>\t\t\t\t<\/div>\n\t\t\t\t<\/div>\n\t\t\t\t<div class=\"elementor-element elementor-element-590a438b elementor-widget__width-auto elementor-widget-tablet__width-initial elementor-widget elementor-widget-heading\" data-id=\"590a438b\" data-element_type=\"widget\" data-settings=\"{&quot;ekit_we_effect_on&quot;:&quot;none&quot;}\" data-widget_type=\"heading.default\">\n\t\t\t\t<div class=\"elementor-widget-container\">\n\t\t\t\t\t<p class=\"elementor-heading-title elementor-size-default\">Solicite informa\u00e7\u00f5es sobre o produto<\/p>\t\t\t\t<\/div>\n\t\t\t\t<\/div>\n\t\t\t\t\t<\/div>\n\t\t<\/div>\n\t\t\t\t<div class=\"elementor-column elementor-col-50 elementor-top-column elementor-element elementor-element-497fc2c3\" data-id=\"497fc2c3\" data-element_type=\"column\">\n\t\t\t<div class=\"elementor-widget-wrap elementor-element-populated\">\n\t\t\t\t\t\t<div class=\"elementor-element elementor-element-28cf6bb1 elementor-align-right elementor-mobile-align-left elementor-widget elementor-widget-button\" data-id=\"28cf6bb1\" data-element_type=\"widget\" data-settings=\"{&quot;ekit_we_effect_on&quot;:&quot;none&quot;}\" data-widget_type=\"button.default\">\n\t\t\t\t<div class=\"elementor-widget-container\">\n\t\t\t\t\t\t\t\t\t<div class=\"elementor-button-wrapper\">\n\t\t\t\t\t<a class=\"elementor-button elementor-button-link elementor-size-sm\" href=\"#topo\">\n\t\t\t\t\t\t<span class=\"elementor-button-content-wrapper\">\n\t\t\t\t\t\t\t\t\t<span class=\"elementor-button-text\">Solicite informa\u00e7\u00f5es<\/span>\n\t\t\t\t\t<\/span>\n\t\t\t\t\t<\/a>\n\t\t\t\t<\/div>\n\t\t\t\t\t\t\t\t<\/div>\n\t\t\t\t<\/div>\n\t\t\t\t\t<\/div>\n\t\t<\/div>\n\t\t\t\t\t<\/div>\n\t\t<\/section>\n\t\t\t\t\t<\/div>\n\t\t<\/div>\n\t\t\t\t\t<\/div>\n\t\t<\/section>\n\t\t\t\t<\/div>\n\t\t","protected":false},"excerpt":{"rendered":"<p>Seja uma casa ou um apartamento, pr\u00f3prio ou alugado. Com o seguro residencial seu lar fica protegido e recebe um cuidado todo especial. Fa\u00e7a sua cota\u00e7\u00e3o agora Excelente rela\u00e7\u00e3o custo\/beneficio comparando como valor do im\u00f3vel segurado, garantindo a tranquilidade que voc\u00ea precisa. Um seguro destinado a proteger sua resid\u00eancia, seja ela habitual ou de veraneio, [&hellip;]<\/p>\n","protected":false},"author":1,"featured_media":0,"parent":963,"menu_order":0,"comment_status":"closed","ping_status":"closed","template":"elementor_header_footer","meta":{"footnotes":""},"class_list":["post-2308","page","type-page","status-publish","hentry"],"_links":{"self":[{"href":"https:\/\/www.pagos.com.br\/site\/wp-json\/wp\/v2\/pages\/2308","targetHints":{"allow":["GET"]}}],"collection":[{"href":"https:\/\/www.pagos.com.br\/site\/wp-json\/wp\/v2\/pages"}],"about":[{"href":"https:\/\/www.pagos.com.br\/site\/wp-json\/wp\/v2\/types\/page"}],"author":[{"embeddable":true,"href":"https:\/\/www.pagos.com.br\/site\/wp-json\/wp\/v2\/users\/1"}],"replies":[{"embeddable":true,"href":"https:\/\/www.pagos.com.br\/site\/wp-json\/wp\/v2\/comments?post=2308"}],"version-history":[{"count":19,"href":"https:\/\/www.pagos.com.br\/site\/wp-json\/wp\/v2\/pages\/2308\/revisions"}],"predecessor-version":[{"id":2491,"href":"https:\/\/www.pagos.com.br\/site\/wp-json\/wp\/v2\/pages\/2308\/revisions\/2491"}],"up":[{"embeddable":true,"href":"https:\/\/www.pagos.com.br\/site\/wp-json\/wp\/v2\/pages\/963"}],"wp:attachment":[{"href":"https:\/\/www.pagos.com.br\/site\/wp-json\/wp\/v2\/media?parent=2308"}],"curies":[{"name":"wp","href":"https:\/\/api.w.org\/{rel}","templated":true}]}}