{"id":2372,"date":"2021-09-17T16:46:43","date_gmt":"2021-09-17T19:46:43","guid":{"rendered":"https:\/\/www.pagos.com.br\/site\/?page_id=2372"},"modified":"2021-09-24T15:31:09","modified_gmt":"2021-09-24T18:31:09","slug":"seguro-vida","status":"publish","type":"page","link":"https:\/\/www.pagos.com.br\/site\/produtos\/seguro-vida\/","title":{"rendered":"Seguro Vida"},"content":{"rendered":"\t\t<div data-elementor-type=\"wp-page\" data-elementor-id=\"2372\" class=\"elementor elementor-2372\" data-elementor-settings=\"{&quot;ha_cmc_init_switcher&quot;:&quot;no&quot;}\" data-elementor-post-type=\"page\">\n\t\t\t\t\t\t<section class=\"elementor-section elementor-top-section elementor-element elementor-element-csfwbsu elementor-section-height-min-height elementor-section-boxed elementor-section-height-default elementor-section-items-middle\" data-id=\"csfwbsu\" data-element_type=\"section\" id=\"topo\" data-settings=\"{&quot;background_background&quot;:&quot;classic&quot;,&quot;_ha_eqh_enable&quot;:false,&quot;ekit_has_onepagescroll_dot&quot;:&quot;yes&quot;}\">\n\t\t\t\t\t\t\t<div class=\"elementor-background-overlay\"><\/div>\n\t\t\t\t\t\t\t<div class=\"elementor-container elementor-column-gap-default\">\n\t\t\t\t\t<div class=\"elementor-column elementor-col-100 elementor-top-column elementor-element elementor-element-167bc27\" data-id=\"167bc27\" data-element_type=\"column\">\n\t\t\t<div class=\"elementor-widget-wrap elementor-element-populated\">\n\t\t\t\t\t\t<section class=\"elementor-section elementor-inner-section elementor-element elementor-element-2320c17 elementor-section-content-middle elementor-section-boxed elementor-section-height-default elementor-section-height-default\" data-id=\"2320c17\" data-element_type=\"section\" data-settings=\"{&quot;_ha_eqh_enable&quot;:false,&quot;ekit_has_onepagescroll_dot&quot;:&quot;yes&quot;}\">\n\t\t\t\t\t\t<div class=\"elementor-container elementor-column-gap-default\">\n\t\t\t\t\t<div class=\"elementor-column elementor-col-66 elementor-inner-column elementor-element elementor-element-2cb1211\" data-id=\"2cb1211\" data-element_type=\"column\">\n\t\t\t<div class=\"elementor-widget-wrap elementor-element-populated\">\n\t\t\t\t\t\t<div class=\"elementor-element elementor-element-9066b40 elementor-widget elementor-widget-text-editor\" data-id=\"9066b40\" data-element_type=\"widget\" data-settings=\"{&quot;ekit_we_effect_on&quot;:&quot;none&quot;}\" data-widget_type=\"text-editor.default\">\n\t\t\t\t<div class=\"elementor-widget-container\">\n\t\t\t\t\t\t\t\t\tSeguro Vida\t\t\t\t\t\t\t\t<\/div>\n\t\t\t\t<\/div>\n\t\t\t\t<div class=\"elementor-element elementor-element-74bc036 elementor-widget elementor-widget-text-editor\" data-id=\"74bc036\" data-element_type=\"widget\" data-settings=\"{&quot;ekit_we_effect_on&quot;:&quot;none&quot;}\" data-widget_type=\"text-editor.default\">\n\t\t\t\t<div class=\"elementor-widget-container\">\n\t\t\t\t\t\t\t\t\t<p>Oferece coberturas que asseguram que nem voc\u00ea nem sua fam\u00edlia fiquem desamparados financeiramente em casos de acidentes, doen\u00e7as ou outros imprevistos. Escolha coberturas conforme suas necessidades e fique tranquilo hoje para enfrentar os imprevistos em todas as situa\u00e7\u00f5es.<\/p>\t\t\t\t\t\t\t\t<\/div>\n\t\t\t\t<\/div>\n\t\t\t\t\t<\/div>\n\t\t<\/div>\n\t\t\t\t<div class=\"elementor-column elementor-col-33 elementor-inner-column elementor-element elementor-element-686970c\" data-id=\"686970c\" data-element_type=\"column\" id=\"orcamento\" data-settings=\"{&quot;background_background&quot;:&quot;classic&quot;}\">\n\t\t\t<div class=\"elementor-widget-wrap elementor-element-populated\">\n\t\t\t\t\t\t<div class=\"elementor-element elementor-element-24d6b1d elementor-widget-divider--view-line elementor-widget elementor-widget-divider\" data-id=\"24d6b1d\" data-element_type=\"widget\" data-settings=\"{&quot;ekit_we_effect_on&quot;:&quot;none&quot;}\" data-widget_type=\"divider.default\">\n\t\t\t\t<div class=\"elementor-widget-container\">\n\t\t\t\t\t\t\t<div class=\"elementor-divider\">\n\t\t\t<span class=\"elementor-divider-separator\">\n\t\t\t\t\t\t<\/span>\n\t\t<\/div>\n\t\t\t\t\t\t<\/div>\n\t\t\t\t<\/div>\n\t\t\t\t<div class=\"elementor-element elementor-element-624bfb0 elementor-widget elementor-widget-heading\" data-id=\"624bfb0\" data-element_type=\"widget\" data-settings=\"{&quot;ekit_we_effect_on&quot;:&quot;none&quot;}\" data-widget_type=\"heading.default\">\n\t\t\t\t<div class=\"elementor-widget-container\">\n\t\t\t\t\t<h5 class=\"elementor-heading-title elementor-size-default\">Fa\u00e7a sua cota\u00e7\u00e3o agora<\/h5>\t\t\t\t<\/div>\n\t\t\t\t<\/div>\n\t\t\t\t<div class=\"elementor-element elementor-element-fcc36c9 bdt-fluentform-form-button-custom bdt-ff-step-header-yes bdt-ff-step-progressbar-yes elementor-widget elementor-widget-bdt-fluent-forms\" data-id=\"fcc36c9\" data-element_type=\"widget\" data-settings=\"{&quot;ekit_we_effect_on&quot;:&quot;none&quot;}\" data-widget_type=\"bdt-fluent-forms.default\">\n\t\t\t\t<div class=\"elementor-widget-container\">\n\t\t\t\t\t\n\t\t<div class=\"bdt-fluent-forms\">\n\n\t\t\t<div class='fluentform ff-default fluentform_wrapper_3 ffs_default_wrap'><form data-form_id=\"3\" id=\"fluentform_3\" class=\"frm-fluent-form fluent_form_3 ff-el-form-top ff_form_instance_3_1 ff-form-loading ffs_default\" data-form_instance=\"ff_form_instance_3_1\" method=\"POST\" ><fieldset  style=\"border: none!important;margin: 0!important;padding: 0!important;background-color: transparent!important;box-shadow: none!important;outline: none!important; min-inline-size: 100%;\">\n                    <legend class=\"ff_screen_reader_title\" style=\"display: block; margin: 0!important;padding: 0!important;height: 0!important;text-indent: -999999px;width: 0!important;overflow:hidden;\">03 - Cota\u00e7\u00e3o<\/legend><input type='hidden' name='__fluent_form_embded_post_id' value='2372' \/><input type=\"hidden\" id=\"_fluentform_3_fluentformnonce\" name=\"_fluentform_3_fluentformnonce\" value=\"df20174799\" \/><input type=\"hidden\" name=\"_wp_http_referer\" value=\"\/site\/wp-json\/wp\/v2\/pages\/2372\" \/><div class='ff-el-group'><div class='ff-el-input--content'><input type=\"text\" name=\"nome\" class=\"ff-el-form-control\" placeholder=\"Nome\" data-name=\"nome\" id=\"ff_3_nome\"  aria-invalid=\"false\" aria-required=true><\/div><\/div><div class='ff-el-group ff-el-form-hide_label'><div class=\"ff-el-input--label ff-el-is-required asterisk-right\"><label for='ff_3_email' id='label_ff_3_email' aria-label=\"E-mail\">E-mail<\/label><\/div><div class='ff-el-input--content'><input type=\"email\" name=\"email\" id=\"ff_3_email\" class=\"ff-el-form-control\" placeholder=\"E-mail\" data-name=\"email\"  aria-invalid=\"false\" aria-required=true><\/div><\/div><div data-name=\"ff_cn_id_1\"  class='ff-t-container ff-column-container ff_columns_total_1 '><div class='ff-t-cell ff-t-column-1' style='flex-basis: 100%;'><div class='ff-el-group'><div class='ff-el-input--content'><input type=\"text\" name=\"whatsapp\" data-mask=\"(00) 0 0000 - 0000\" class=\"ff-el-form-control\" placeholder=\"WhatsApp\" data-name=\"whatsapp\" id=\"ff_3_whatsapp\"  aria-invalid=\"false\" aria-required=true><\/div><\/div><\/div><\/div><input type=\"hidden\" name=\"produto\" value=\"Seguro Vida\" data-name=\"produto\" ><div class='ff-el-group'><div class='ff-el-input--content'><textarea aria-required=\"false\" aria-labelledby=\"label_ff_3_mensagem\" name=\"mensagem\" id=\"ff_3_mensagem\" class=\"ff-el-form-control\" placeholder=\"Sua mensagem\" rows=\"4\" cols=\"2\" data-name=\"mensagem\" ><\/textarea><\/div><\/div><div class='ff-el-group ff-text-left ff_submit_btn_wrapper'><button type=\"submit\" class=\"ff-btn ff-btn-submit ff-btn-md ff_btn_style\"  aria-label=\"Enviar\">Enviar<\/button><\/div><\/fieldset><\/form><div id='fluentform_3_errors' class='ff-errors-in-stack ff_form_instance_3_1 ff-form-loading_errors ff_form_instance_3_1_errors'><\/div><\/div>            <script type=\"text\/javascript\">\n                window.fluent_form_ff_form_instance_3_1 = {\"id\":\"3\",\"settings\":{\"layout\":{\"labelPlacement\":\"top\",\"helpMessagePlacement\":\"with_label\",\"errorMessagePlacement\":\"inline\",\"cssClassName\":\"\",\"asteriskPlacement\":\"asterisk-right\"},\"restrictions\":{\"denyEmptySubmission\":{\"enabled\":false}}},\"form_instance\":\"ff_form_instance_3_1\",\"form_id_selector\":\"fluentform_3\",\"rules\":{\"nome\":{\"required\":{\"value\":true,\"message\":\"Este campo \\u00e9 obrigat\\u00f3rio\",\"global\":false,\"global_message\":\"Este campo \\u00e9 obrigat\\u00f3rio\"}},\"email\":{\"required\":{\"value\":true,\"message\":\"Este campo \\u00e9 obrigat\\u00f3rio\",\"global_message\":\"Este campo \\u00e9 obrigat\\u00f3rio\",\"global\":true},\"email\":{\"value\":true,\"message\":\"Este campo deve conter um e-mail v\\u00e1lido\",\"global_message\":\"Este campo deve conter um e-mail v\\u00e1lido\",\"global\":true}},\"whatsapp\":{\"required\":{\"value\":true,\"message\":\"Preencha com seu WhatsApp\",\"global\":false,\"global_message\":\"Este campo \\u00e9 obrigat\\u00f3rio\"}},\"mensagem\":{\"required\":{\"value\":false,\"message\":\"\",\"global\":false,\"global_message\":\"Este campo \\u00e9 obrigat\\u00f3rio\"}}},\"debounce_time\":300};\n                            <\/script>\n            \n\t\t<\/div>\n\n\t\t\t\t\t\t<\/div>\n\t\t\t\t<\/div>\n\t\t\t\t\t<\/div>\n\t\t<\/div>\n\t\t\t\t\t<\/div>\n\t\t<\/section>\n\t\t\t\t\t<\/div>\n\t\t<\/div>\n\t\t\t\t\t<\/div>\n\t\t<\/section>\n\t\t\t\t<section class=\"elementor-section elementor-top-section elementor-element elementor-element-50w5egi elementor-section-content-middle elementor-reverse-mobile elementor-section-boxed elementor-section-height-default elementor-section-height-default\" data-id=\"50w5egi\" data-element_type=\"section\" data-settings=\"{&quot;background_background&quot;:&quot;classic&quot;,&quot;_ha_eqh_enable&quot;:false,&quot;ekit_has_onepagescroll_dot&quot;:&quot;yes&quot;}\">\n\t\t\t\t\t\t<div class=\"elementor-container elementor-column-gap-default\">\n\t\t\t\t\t<div class=\"elementor-column elementor-col-100 elementor-top-column elementor-element elementor-element-22a42c0\" data-id=\"22a42c0\" data-element_type=\"column\" data-settings=\"{&quot;background_background&quot;:&quot;classic&quot;}\">\n\t\t\t<div class=\"elementor-widget-wrap elementor-element-populated\">\n\t\t\t\t\t\t<div class=\"elementor-element elementor-element-f0768ca elementor-widget elementor-widget-text-editor\" data-id=\"f0768ca\" data-element_type=\"widget\" data-settings=\"{&quot;ekit_we_effect_on&quot;:&quot;none&quot;}\" data-widget_type=\"text-editor.default\">\n\t\t\t\t<div class=\"elementor-widget-container\">\n\t\t\t\t\t\t\t\t\t<h3>Cobertura b\u00e1sica <\/h3><ul><li>Morte Natural ou Morte Acidental<\/li><\/ul><h3>Coberturas adicionais <\/h3><ul><li aria-level=\"1\">Di\u00e1ria por Incapacidade Tempor\u00e1ria (DIT)<\/li><li aria-level=\"1\">Diagn\u00f3stico c\u00e2ncer<\/li><li aria-level=\"1\">Doen\u00e7as Graves<\/li><li aria-level=\"1\">Assist\u00eancia Funeral Individual ou Familiar<\/li><li aria-level=\"1\">Morte Acidental em Dobro<\/li><li aria-level=\"1\">Antecipa\u00e7\u00e3o Especial por Doen\u00e7a<\/li><li aria-level=\"1\">Invalidez Permanente Total ou Parcial por Acidente<\/li><li aria-level=\"1\">Despesas M\u00e9dicas, Hospitalares e Odontol\u00f3gicas<\/li><\/ul><p>\u00a0<\/p>\t\t\t\t\t\t\t\t<\/div>\n\t\t\t\t<\/div>\n\t\t\t\t\t<\/div>\n\t\t<\/div>\n\t\t\t\t\t<\/div>\n\t\t<\/section>\n\t\t\t\t<section class=\"elementor-section elementor-top-section elementor-element elementor-element-34c573d3 elementor-section-boxed elementor-section-height-default elementor-section-height-default\" data-id=\"34c573d3\" data-element_type=\"section\" data-settings=\"{&quot;background_background&quot;:&quot;gradient&quot;,&quot;_ha_eqh_enable&quot;:false,&quot;ekit_has_onepagescroll_dot&quot;:&quot;yes&quot;}\">\n\t\t\t\t\t\t<div class=\"elementor-container elementor-column-gap-default\">\n\t\t\t\t\t<div class=\"elementor-column elementor-col-100 elementor-top-column elementor-element elementor-element-2c6fd21a\" data-id=\"2c6fd21a\" data-element_type=\"column\" data-settings=\"{&quot;background_background&quot;:&quot;classic&quot;}\">\n\t\t\t<div class=\"elementor-widget-wrap elementor-element-populated\">\n\t\t\t\t\t\t<section class=\"elementor-section elementor-top-section elementor-element elementor-element-4b5b1f99 elementor-section-content-middle elementor-section-boxed elementor-section-height-default elementor-section-height-default\" data-id=\"4b5b1f99\" data-element_type=\"section\" data-settings=\"{&quot;_ha_eqh_enable&quot;:false,&quot;ekit_has_onepagescroll_dot&quot;:&quot;yes&quot;}\">\n\t\t\t\t\t\t<div class=\"elementor-container elementor-column-gap-default\">\n\t\t\t\t\t<div class=\"elementor-column elementor-col-50 elementor-top-column elementor-element elementor-element-2d566351\" data-id=\"2d566351\" data-element_type=\"column\">\n\t\t\t<div class=\"elementor-widget-wrap elementor-element-populated\">\n\t\t\t\t\t\t<div class=\"elementor-element elementor-element-252c0c3 elementor-widget__width-auto elementor-widget elementor-widget-heading\" data-id=\"252c0c3\" data-element_type=\"widget\" data-settings=\"{&quot;ekit_we_effect_on&quot;:&quot;none&quot;}\" data-widget_type=\"heading.default\">\n\t\t\t\t<div class=\"elementor-widget-container\">\n\t\t\t\t\t<h4 class=\"elementor-heading-title elementor-size-default\">INFORMA\u00c7\u00d5ES<\/h4>\t\t\t\t<\/div>\n\t\t\t\t<\/div>\n\t\t\t\t<div class=\"elementor-element elementor-element-590a438b elementor-widget__width-auto elementor-widget-tablet__width-initial elementor-widget elementor-widget-heading\" data-id=\"590a438b\" data-element_type=\"widget\" data-settings=\"{&quot;ekit_we_effect_on&quot;:&quot;none&quot;}\" data-widget_type=\"heading.default\">\n\t\t\t\t<div class=\"elementor-widget-container\">\n\t\t\t\t\t<p class=\"elementor-heading-title elementor-size-default\">Solicite informa\u00e7\u00f5es sobre o produto<\/p>\t\t\t\t<\/div>\n\t\t\t\t<\/div>\n\t\t\t\t\t<\/div>\n\t\t<\/div>\n\t\t\t\t<div class=\"elementor-column elementor-col-50 elementor-top-column elementor-element elementor-element-497fc2c3\" data-id=\"497fc2c3\" data-element_type=\"column\">\n\t\t\t<div class=\"elementor-widget-wrap elementor-element-populated\">\n\t\t\t\t\t\t<div class=\"elementor-element elementor-element-28cf6bb1 elementor-align-right elementor-mobile-align-left elementor-widget elementor-widget-button\" data-id=\"28cf6bb1\" data-element_type=\"widget\" data-settings=\"{&quot;ekit_we_effect_on&quot;:&quot;none&quot;}\" data-widget_type=\"button.default\">\n\t\t\t\t<div class=\"elementor-widget-container\">\n\t\t\t\t\t\t\t\t\t<div class=\"elementor-button-wrapper\">\n\t\t\t\t\t<a class=\"elementor-button elementor-button-link elementor-size-sm\" href=\"#topo\">\n\t\t\t\t\t\t<span class=\"elementor-button-content-wrapper\">\n\t\t\t\t\t\t\t\t\t<span class=\"elementor-button-text\">Solicite informa\u00e7\u00f5es<\/span>\n\t\t\t\t\t<\/span>\n\t\t\t\t\t<\/a>\n\t\t\t\t<\/div>\n\t\t\t\t\t\t\t\t<\/div>\n\t\t\t\t<\/div>\n\t\t\t\t\t<\/div>\n\t\t<\/div>\n\t\t\t\t\t<\/div>\n\t\t<\/section>\n\t\t\t\t\t<\/div>\n\t\t<\/div>\n\t\t\t\t\t<\/div>\n\t\t<\/section>\n\t\t\t\t<section class=\"elementor-section elementor-top-section elementor-element elementor-element-3ada189 elementor-section-boxed elementor-section-height-default elementor-section-height-default\" data-id=\"3ada189\" data-element_type=\"section\" data-settings=\"{&quot;background_background&quot;:&quot;classic&quot;,&quot;_ha_eqh_enable&quot;:false,&quot;ekit_has_onepagescroll_dot&quot;:&quot;yes&quot;}\">\n\t\t\t\t\t\t\t<div class=\"elementor-background-overlay\"><\/div>\n\t\t\t\t\t\t\t<div class=\"elementor-container elementor-column-gap-default\">\n\t\t\t\t\t<div class=\"elementor-column elementor-col-100 elementor-top-column elementor-element elementor-element-258e05e\" data-id=\"258e05e\" data-element_type=\"column\" data-settings=\"{&quot;background_background&quot;:&quot;classic&quot;}\">\n\t\t\t<div class=\"elementor-widget-wrap elementor-element-populated\">\n\t\t\t\t\t\t<div class=\"elementor-element elementor-element-3c43c14 elementor-widget elementor-widget-heading\" data-id=\"3c43c14\" data-element_type=\"widget\" data-settings=\"{&quot;ekit_we_effect_on&quot;:&quot;none&quot;}\" data-widget_type=\"heading.default\">\n\t\t\t\t<div class=\"elementor-widget-container\">\n\t\t\t\t\t<h2 class=\"elementor-heading-title elementor-size-default\">D\u00favidas Frequentes<\/h2>\t\t\t\t<\/div>\n\t\t\t\t<\/div>\n\t\t\t\t<div class=\"elementor-element elementor-element-092a49a ha-accordion--icon-right elementor-widget elementor-widget-ha-accordion happy-addon ha-accordion happy-addon-pro\" data-id=\"092a49a\" data-element_type=\"widget\" data-settings=\"{&quot;ekit_we_effect_on&quot;:&quot;none&quot;}\" data-widget_type=\"ha-accordion.default\">\n\t\t\t\t<div class=\"elementor-widget-container\">\n\t\t\t\t\t        <div class=\"ha-accordion__wrapper\" role=\"tablist\">\n                            <div class=\"ha-accordion__item\">\n                    <div id=\"ha-accordion__item-title-9611\" class=\"ha-accordion__item-title\" data-tab=\"1\" role=\"tab\" aria-controls=\"ha-accordion__item-content-9611\">\n                                                    <span class=\"ha-accordion__item-icon ha-accordion__icon\" aria-hidden=\"true\">\n                                                                    <span class=\"ha-accordion__icon--closed\"><i class=\"fas fa-angle-right\"><\/i><\/span>\n                                                                                                    <span class=\"ha-accordion__icon--opened\"><i class=\"fas fa-angle-down\"><\/i><\/span>\n                                                            <\/span>\n                                                <div class=\"ha-accordion__item-title-inner\">\n                                                        <span class=\"ha-accordion__item-title-text\">Quanto custa e qual \u00e9 a vig\u00eancia de um seguro de vida? <\/span>\n                        <\/div>\n                    <\/div>\n                    <div id=\"ha-accordion__item-content-9611\" class=\"ha-accordion__item-content\" data-tab=\"1\" role=\"tabpanel\" aria-labelledby=\"ha-accordion__item-title-9611\">\n                        <p>O custo de um seguro de vida varia de acordo com as garantias contratadas e o perfil do segurado.<\/p><p>De forma geral, a vig\u00eancia de um seguro de vida \u00e9 anual, com renova\u00e7\u00e3o pelo mesmo per\u00edodo. <\/p>                    <\/div>\n                <\/div>\n                            <div class=\"ha-accordion__item\">\n                    <div id=\"ha-accordion__item-title-9612\" class=\"ha-accordion__item-title\" data-tab=\"2\" role=\"tab\" aria-controls=\"ha-accordion__item-content-9612\">\n                                                    <span class=\"ha-accordion__item-icon ha-accordion__icon\" aria-hidden=\"true\">\n                                                                    <span class=\"ha-accordion__icon--closed\"><i class=\"fas fa-angle-right\"><\/i><\/span>\n                                                                                                    <span class=\"ha-accordion__icon--opened\"><i class=\"fas fa-angle-down\"><\/i><\/span>\n                                                            <\/span>\n                                                <div class=\"ha-accordion__item-title-inner\">\n                                                        <span class=\"ha-accordion__item-title-text\">Seguro de vida serve apenas para morte?<\/span>\n                        <\/div>\n                    <\/div>\n                    <div id=\"ha-accordion__item-content-9612\" class=\"ha-accordion__item-content\" data-tab=\"2\" role=\"tabpanel\" aria-labelledby=\"ha-accordion__item-title-9612\">\n                        <p>N\u00e3o! O seguro de vida tem outras coberturas, como invalidez, doen\u00e7as graves, interna\u00e7\u00e3o hospitalar, DIT, al\u00e9m de servir como um planejamento financeiro<\/p>                    <\/div>\n                <\/div>\n                            <div class=\"ha-accordion__item\">\n                    <div id=\"ha-accordion__item-title-9613\" class=\"ha-accordion__item-title\" data-tab=\"3\" role=\"tab\" aria-controls=\"ha-accordion__item-content-9613\">\n                                                    <span class=\"ha-accordion__item-icon ha-accordion__icon\" aria-hidden=\"true\">\n                                                                    <span class=\"ha-accordion__icon--closed\"><i class=\"fas fa-angle-right\"><\/i><\/span>\n                                                                                                    <span class=\"ha-accordion__icon--opened\"><i class=\"fas fa-angle-down\"><\/i><\/span>\n                                                            <\/span>\n                                                <div class=\"ha-accordion__item-title-inner\">\n                                                        <span class=\"ha-accordion__item-title-text\">Qual a diferen\u00e7a entre seguro de vida e seguro de acidentes pessoais?<\/span>\n                        <\/div>\n                    <\/div>\n                    <div id=\"ha-accordion__item-content-9613\" class=\"ha-accordion__item-content\" data-tab=\"3\" role=\"tabpanel\" aria-labelledby=\"ha-accordion__item-title-9613\">\n                        <p>De custo mais alto, seguros de vida t\u00eam cobertura prevista para casos de morte natural e acidental. J\u00e1 os seguros de acidentes pessoais cobrem somente morte ou invalidez permanente derivadas de situa\u00e7\u00f5es de acidente.<\/p>                    <\/div>\n                <\/div>\n                            <div class=\"ha-accordion__item\">\n                    <div id=\"ha-accordion__item-title-9614\" class=\"ha-accordion__item-title\" data-tab=\"4\" role=\"tab\" aria-controls=\"ha-accordion__item-content-9614\">\n                                                    <span class=\"ha-accordion__item-icon ha-accordion__icon\" aria-hidden=\"true\">\n                                                                    <span class=\"ha-accordion__icon--closed\"><i class=\"fas fa-angle-right\"><\/i><\/span>\n                                                                                                    <span class=\"ha-accordion__icon--opened\"><i class=\"fas fa-angle-down\"><\/i><\/span>\n                                                            <\/span>\n                                                <div class=\"ha-accordion__item-title-inner\">\n                                                        <span class=\"ha-accordion__item-title-text\">Os reajustes de pre\u00e7o s\u00e3o feitos por idade?<\/span>\n                        <\/div>\n                    <\/div>\n                    <div id=\"ha-accordion__item-content-9614\" class=\"ha-accordion__item-content\" data-tab=\"4\" role=\"tabpanel\" aria-labelledby=\"ha-accordion__item-title-9614\">\n                        <p>Tanto os capitais segurados quanto os pr\u00eamios do seguro de vida s\u00e3o atualizados anualmente pelo IPCA (\u00cdndice de Pre\u00e7os ao Consumidor Amplo). Em casos em que h\u00e1 readequa\u00e7\u00e3o et\u00e1ria, eles tamb\u00e9m s\u00e3o ajustados conforme a idade do segurado,os reajustes est\u00e3o previstos na condi\u00e7\u00e3o geral do seguro e podem ser conferidos a qualquer momento pelo titular.<\/p>                    <\/div>\n                <\/div>\n                            <div class=\"ha-accordion__item\">\n                    <div id=\"ha-accordion__item-title-9615\" class=\"ha-accordion__item-title\" data-tab=\"5\" role=\"tab\" aria-controls=\"ha-accordion__item-content-9615\">\n                                                    <span class=\"ha-accordion__item-icon ha-accordion__icon\" aria-hidden=\"true\">\n                                                                    <span class=\"ha-accordion__icon--closed\"><i class=\"fas fa-angle-right\"><\/i><\/span>\n                                                                                                    <span class=\"ha-accordion__icon--opened\"><i class=\"fas fa-angle-down\"><\/i><\/span>\n                                                            <\/span>\n                                                <div class=\"ha-accordion__item-title-inner\">\n                                                        <span class=\"ha-accordion__item-title-text\">O seguro \u00e9 s\u00f3 para herdeiros legais?<\/span>\n                        <\/div>\n                    <\/div>\n                    <div id=\"ha-accordion__item-content-9615\" class=\"ha-accordion__item-content\" data-tab=\"5\" role=\"tabpanel\" aria-labelledby=\"ha-accordion__item-title-9615\">\n                        <p>Caso o segurado n\u00e3o identifique seus benefici\u00e1rios, o seguro \u00e9 dividido entre os herdeiros legais, em partes iguais. Entretanto, n\u00e3o h\u00e1 qualquer obrigatoriedade para que isso ocorra.O seguro n\u00e3o entra em invent\u00e1rio, podendo ser destinado a qualquer benefici\u00e1rio indicado pelo segurado em sua ap\u00f3lice. Cabe ao titular tamb\u00e9m definir que porcentagem que ser\u00e1 destinada a cada um.<\/p>                    <\/div>\n                <\/div>\n                    <\/div>\n        \t\t\t\t<\/div>\n\t\t\t\t<\/div>\n\t\t\t\t\t<\/div>\n\t\t<\/div>\n\t\t\t\t\t<\/div>\n\t\t<\/section>\n\t\t\t\t<\/div>\n\t\t","protected":false},"excerpt":{"rendered":"<p>Oferece coberturas que asseguram que nem voc\u00ea nem sua fam\u00edlia fiquem desamparados financeiramente em casos de acidentes, doen\u00e7as ou outros imprevistos. Escolha coberturas conforme suas necessidades e fique tranquilo hoje para enfrentar os imprevistos em todas as situa\u00e7\u00f5es. Fa\u00e7a sua cota\u00e7\u00e3o agora Cobertura b\u00e1sica Morte Natural ou Morte Acidental Coberturas adicionais Di\u00e1ria por Incapacidade Tempor\u00e1ria [&hellip;]<\/p>\n","protected":false},"author":1,"featured_media":0,"parent":963,"menu_order":0,"comment_status":"closed","ping_status":"closed","template":"elementor_header_footer","meta":{"footnotes":""},"class_list":["post-2372","page","type-page","status-publish","hentry"],"_links":{"self":[{"href":"https:\/\/www.pagos.com.br\/site\/wp-json\/wp\/v2\/pages\/2372","targetHints":{"allow":["GET"]}}],"collection":[{"href":"https:\/\/www.pagos.com.br\/site\/wp-json\/wp\/v2\/pages"}],"about":[{"href":"https:\/\/www.pagos.com.br\/site\/wp-json\/wp\/v2\/types\/page"}],"author":[{"embeddable":true,"href":"https:\/\/www.pagos.com.br\/site\/wp-json\/wp\/v2\/users\/1"}],"replies":[{"embeddable":true,"href":"https:\/\/www.pagos.com.br\/site\/wp-json\/wp\/v2\/comments?post=2372"}],"version-history":[{"count":25,"href":"https:\/\/www.pagos.com.br\/site\/wp-json\/wp\/v2\/pages\/2372\/revisions"}],"predecessor-version":[{"id":2715,"href":"https:\/\/www.pagos.com.br\/site\/wp-json\/wp\/v2\/pages\/2372\/revisions\/2715"}],"up":[{"embeddable":true,"href":"https:\/\/www.pagos.com.br\/site\/wp-json\/wp\/v2\/pages\/963"}],"wp:attachment":[{"href":"https:\/\/www.pagos.com.br\/site\/wp-json\/wp\/v2\/media?parent=2372"}],"curies":[{"name":"wp","href":"https:\/\/api.w.org\/{rel}","templated":true}]}}